{"id":440,"date":"2026-03-21T02:39:24","date_gmt":"2026-03-21T01:39:24","guid":{"rendered":"https:\/\/kasyfiskalnepoznan.com.pl\/?page_id=440"},"modified":"2026-03-21T02:46:07","modified_gmt":"2026-03-21T01:46:07","slug":"datecs-wp-25-plus","status":"publish","type":"page","link":"https:\/\/kasyfiskalnepoznan.com.pl\/?page_id=440","title":{"rendered":"DATECS WP-25 PLUS"},"content":{"rendered":"\t\t<div data-elementor-type=\"wp-page\" data-elementor-id=\"440\" class=\"elementor elementor-440\" data-elementor-post-type=\"page\">\n\t\t\t\t\t\t<section class=\"elementor-section elementor-top-section elementor-element elementor-element-7c1ba864 elementor-section-boxed elementor-section-height-default elementor-section-height-default\" data-id=\"7c1ba864\" data-element_type=\"section\" data-e-type=\"section\">\n\t\t\t\t\t\t<div class=\"elementor-container elementor-column-gap-default\">\n\t\t\t\t\t<div class=\"elementor-column elementor-col-100 elementor-top-column elementor-element elementor-element-4fec9640\" data-id=\"4fec9640\" data-element_type=\"column\" data-e-type=\"column\">\n\t\t\t<div class=\"elementor-widget-wrap elementor-element-populated\">\n\t\t\t\t\t\t<section class=\"elementor-section elementor-inner-section elementor-element elementor-element-112da5e4 elementor-section-boxed elementor-section-height-default elementor-section-height-default\" data-id=\"112da5e4\" data-element_type=\"section\" data-e-type=\"section\">\n\t\t\t\t\t\t<div class=\"elementor-container elementor-column-gap-default\">\n\t\t\t\t\t<div class=\"elementor-column elementor-col-100 elementor-inner-column elementor-element elementor-element-3f18e444\" data-id=\"3f18e444\" data-element_type=\"column\" data-e-type=\"column\">\n\t\t\t<div class=\"elementor-widget-wrap elementor-element-populated\">\n\t\t\t\t\t\t<div class=\"elementor-element elementor-element-502efdb0 elementor-widget elementor-widget-heading\" data-id=\"502efdb0\" data-element_type=\"widget\" data-e-type=\"widget\" data-widget_type=\"heading.default\">\n\t\t\t\t\t<h6 class=\"elementor-heading-title elementor-size-default\">Nasza oferta KAS fiskalnych:\n<\/h6>\t\t\t\t<\/div>\n\t\t\t\t<div class=\"elementor-element elementor-element-1977a392 elementor-widget elementor-widget-heading\" data-id=\"1977a392\" data-element_type=\"widget\" data-e-type=\"widget\" data-widget_type=\"heading.default\">\n\t\t\t\t\t<h2 class=\"elementor-heading-title elementor-size-default\">DATECS WP-25 PLUS<\/h2>\t\t\t\t<\/div>\n\t\t\t\t\t<\/div>\n\t\t<\/div>\n\t\t\t\t\t<\/div>\n\t\t<\/section>\n\t\t\t\t\t<\/div>\n\t\t<\/div>\n\t\t\t\t\t<\/div>\n\t\t<\/section>\n\t\t<div class=\"elementor-element elementor-element-7ade7220 e-flex e-con-boxed e-con e-parent\" data-id=\"7ade7220\" data-element_type=\"container\" data-e-type=\"container\">\n\t\t\t\t\t<div class=\"e-con-inner\">\n\t\t\t\t<div class=\"elementor-element elementor-element-15cdf3ca elementor-widget elementor-widget-image\" data-id=\"15cdf3ca\" data-element_type=\"widget\" data-e-type=\"widget\" data-widget_type=\"image.default\">\n\t\t\t\t\t\t\t\t\t\t\t\t\t\t\t<img fetchpriority=\"high\" decoding=\"async\" width=\"800\" height=\"800\" src=\"https:\/\/kasyfiskalnepoznan.com.pl\/wp-content\/uploads\/2026\/03\/semi-eko-0.webp\" class=\"attachment-large size-large wp-image-442\" alt=\"\" srcset=\"https:\/\/kasyfiskalnepoznan.com.pl\/wp-content\/uploads\/2026\/03\/semi-eko-0.webp 900w, https:\/\/kasyfiskalnepoznan.com.pl\/wp-content\/uploads\/2026\/03\/semi-eko-0-300x300.webp 300w, https:\/\/kasyfiskalnepoznan.com.pl\/wp-content\/uploads\/2026\/03\/semi-eko-0-150x150.webp 150w, https:\/\/kasyfiskalnepoznan.com.pl\/wp-content\/uploads\/2026\/03\/semi-eko-0-768x768.webp 768w\" sizes=\"(max-width: 800px) 100vw, 800px\" \/>\t\t\t\t\t\t\t\t\t\t\t\t\t\t\t<\/div>\n\t\t\t\t\t<\/div>\n\t\t\t\t<\/div>\n\t\t\t\t<section class=\"elementor-section elementor-top-section elementor-element elementor-element-1fd4bf21 elementor-section-content-middle elementor-section-boxed elementor-section-height-default elementor-section-height-default\" data-id=\"1fd4bf21\" data-element_type=\"section\" data-e-type=\"section\" data-settings=\"{&quot;background_background&quot;:&quot;classic&quot;}\">\n\t\t\t\t\t\t<div class=\"elementor-container elementor-column-gap-wider\">\n\t\t\t\t\t<div class=\"elementor-column elementor-col-100 elementor-top-column elementor-element elementor-element-2b0c270b animated-slow\" data-id=\"2b0c270b\" data-element_type=\"column\" data-e-type=\"column\" data-settings=\"{&quot;animation&quot;:&quot;none&quot;}\">\n\t\t\t<div class=\"elementor-widget-wrap elementor-element-populated\">\n\t\t\t\t\t\t<div class=\"elementor-element elementor-element-217380a2 elementor-widget elementor-widget-heading\" data-id=\"217380a2\" data-element_type=\"widget\" data-e-type=\"widget\" data-widget_type=\"heading.default\">\n\t\t\t\t\t<h6 class=\"elementor-heading-title elementor-size-default\">specyfikacja<\/h6>\t\t\t\t<\/div>\n\t\t\t\t<div class=\"elementor-element elementor-element-80496d9 elementor-widget elementor-widget-heading\" data-id=\"80496d9\" data-element_type=\"widget\" data-e-type=\"widget\" data-widget_type=\"heading.default\">\n\t\t\t\t\t<h2 class=\"elementor-heading-title elementor-size-default\">DATECS WP-25 PLUS \u2013 w skr\u00f3cie<\/h2>\t\t\t\t<\/div>\n\t\t\t\t<div class=\"elementor-element elementor-element-6b367a0f elementor-widget elementor-widget-toggle\" data-id=\"6b367a0f\" data-element_type=\"widget\" data-e-type=\"widget\" data-widget_type=\"toggle.default\">\n\t\t\t\t\t\t\t<div class=\"elementor-toggle\">\n\t\t\t\t\t\t\t<div class=\"elementor-toggle-item\">\n\t\t\t\t\t<div id=\"elementor-tab-title-1791\" class=\"elementor-tab-title\" data-tab=\"1\" role=\"button\" aria-controls=\"elementor-tab-content-1791\" aria-expanded=\"false\">\n\t\t\t\t\t\t\t\t\t\t\t\t<span class=\"elementor-toggle-icon elementor-toggle-icon-right\" aria-hidden=\"true\">\n\t\t\t\t\t\t\t\t\t\t\t\t\t\t\t<span class=\"elementor-toggle-icon-closed\"><svg class=\"e-font-icon-svg e-fas-angle-right\" viewBox=\"0 0 256 512\" xmlns=\"http:\/\/www.w3.org\/2000\/svg\"><path d=\"M224.3 273l-136 136c-9.4 9.4-24.6 9.4-33.9 0l-22.6-22.6c-9.4-9.4-9.4-24.6 0-33.9l96.4-96.4-96.4-96.4c-9.4-9.4-9.4-24.6 0-33.9L54.3 103c9.4-9.4 24.6-9.4 33.9 0l136 136c9.5 9.4 9.5 24.6.1 34z\"><\/path><\/svg><\/span>\n\t\t\t\t\t\t\t\t<span class=\"elementor-toggle-icon-opened\"><svg class=\"elementor-toggle-icon-opened e-font-icon-svg e-fas-angle-down\" viewBox=\"0 0 320 512\" xmlns=\"http:\/\/www.w3.org\/2000\/svg\"><path d=\"M143 352.3L7 216.3c-9.4-9.4-9.4-24.6 0-33.9l22.6-22.6c9.4-9.4 24.6-9.4 33.9 0l96.4 96.4 96.4-96.4c9.4-9.4 24.6-9.4 33.9 0l22.6 22.6c9.4 9.4 9.4 24.6 0 33.9l-136 136c-9.2 9.4-24.4 9.4-33.8 0z\"><\/path><\/svg><\/span>\n\t\t\t\t\t\t\t\t\t\t\t\t\t<\/span>\n\t\t\t\t\t\t\t\t\t\t\t\t<a class=\"elementor-toggle-title\" tabindex=\"0\">CENY i kluczowe mo\u017cliwo\u015bci urz\u0105dzenia<\/a>\n\t\t\t\t\t<\/div>\n\n\t\t\t\t\t<div id=\"elementor-tab-content-1791\" class=\"elementor-tab-content elementor-clearfix\" data-tab=\"1\" role=\"region\" aria-labelledby=\"elementor-tab-title-1791\"><div class=\"document-page\" data-page=\"3\"><div class=\"pdf-page\"><div class=\"text-wrapper user-select-text\"><div data-canvas-width=\"302.00133333333326\"><h3 data-section-id=\"qjksd6\" data-start=\"125\" data-end=\"142\">Cena i wersje<\/h3><p data-start=\"143\" data-end=\"344\">\u2022 Wersja podstawowa: <strong data-start=\"164\" data-end=\"177\">1 349 PLN<\/strong><br data-start=\"177\" data-end=\"180\" \/>\u2022 WP-25 LAN: <strong data-start=\"193\" data-end=\"206\">1 349 PLN<\/strong><br data-start=\"206\" data-end=\"209\" \/>\u2022 WP-25 WiFi: <strong data-start=\"223\" data-end=\"236\">1 439 PLN<\/strong><br data-start=\"236\" data-end=\"239\" \/>\u2022 WP-25 GPRS3: <strong data-start=\"254\" data-end=\"267\">1 499 PLN<\/strong><br data-start=\"267\" data-end=\"270\" \/>\u2022 WP-25 LAN + GPRS3: <strong data-start=\"291\" data-end=\"304\">1 549 PLN<\/strong><br data-start=\"304\" data-end=\"307\" \/>\u2022 WP-25 WiFi + GPRS3: <strong data-start=\"329\" data-end=\"342\">1 639 PLN<\/strong><\/p><hr data-start=\"346\" data-end=\"349\" \/><h3 data-section-id=\"1jf2j7w\" data-start=\"351\" data-end=\"379\">Mobilno\u015b\u0107 i zastosowanie<\/h3><p data-start=\"380\" data-end=\"427\">\u2022 <strong data-start=\"382\" data-end=\"409\">Kasa dla handlu i us\u0142ug<\/strong><br data-start=\"409\" data-end=\"412\" \/>\u2022 Idealna do:<\/p><ul data-start=\"430\" data-end=\"761\"><li data-section-id=\"yv6pip\" data-start=\"430\" data-end=\"448\">ma\u0142ych sklep\u00f3w<\/li><li data-section-id=\"1ujrm8b\" data-start=\"451\" data-end=\"495\">gabinet\u00f3w lekarskich i stomatologicznych<\/li><li data-section-id=\"1gn61p9\" data-start=\"498\" data-end=\"538\">salon\u00f3w fryzjerskich i kosmetycznych<\/li><li data-section-id=\"xdvhr2\" data-start=\"541\" data-end=\"572\">kiosk\u00f3w, piekarni, cukierni<\/li><li data-section-id=\"txa234\" data-start=\"575\" data-end=\"626\">sklep\u00f3w odzie\u017cowych<br data-start=\"596\" data-end=\"599\" \/>\u2022 Sprawdza si\u0119 r\u00f3wnie\u017c w:<\/li><li data-section-id=\"10if9ik\" data-start=\"629\" data-end=\"663\">gastronomii (wydruki zam\u00f3wie\u0144)<\/li><li data-section-id=\"11t2pdy\" data-start=\"666\" data-end=\"715\">parkingach i wypo\u017cyczalniach (us\u0142ugi czasowe)<\/li><li data-section-id=\"p0v18t\" data-start=\"718\" data-end=\"761\">sprzeda\u017cy paliw sta\u0142ych (w\u0119giel, brykiet)<\/li><\/ul><hr data-start=\"763\" data-end=\"766\" \/><h3 data-section-id=\"kbprnd\" data-start=\"768\" data-end=\"794\">Baza danych i sprzeda\u017c<\/h3><p data-start=\"795\" data-end=\"957\">\u2022 <strong data-start=\"797\" data-end=\"821\">50 000 towar\u00f3w (PLU)<\/strong> w bazie<br data-start=\"829\" data-end=\"832\" \/>\u2022 Obs\u0142uga <strong data-start=\"842\" data-end=\"861\">us\u0142ug czasowych<\/strong><br data-start=\"861\" data-end=\"864\" \/>\u2022 Mo\u017cliwo\u015b\u0107 wykorzystania w gastronomii i sprzeda\u017cy us\u0142ug<br data-start=\"921\" data-end=\"924\" \/>\u2022 <strong data-start=\"926\" data-end=\"957\">Logo graficzne na paragonie<\/strong><\/p><hr data-start=\"959\" data-end=\"962\" \/><h3 data-section-id=\"1ge4ry4\" data-start=\"964\" data-end=\"987\">Wydajno\u015b\u0107 i obs\u0142uga<\/h3><p data-start=\"988\" data-end=\"1254\">\u2022 <strong data-start=\"990\" data-end=\"1027\">Akumulator Li-Ion 7.4V \/ 2000 mAh<\/strong><br data-start=\"1027\" data-end=\"1030\" \/>\u2022 Praca w temperaturach do <strong data-start=\"1057\" data-end=\"1065\">-5\u00b0C<\/strong><br data-start=\"1065\" data-end=\"1068\" \/>\u2022 System wymiany papieru <strong data-start=\"1093\" data-end=\"1113\">\u201eWRZU\u0106 I PRACUJ\u201d<\/strong><br data-start=\"1113\" data-end=\"1116\" \/>\u2022 <strong data-start=\"1118\" data-end=\"1154\">Programowalne klawisze funkcyjne<\/strong><br data-start=\"1154\" data-end=\"1157\" \/>\u2022 <strong data-start=\"1159\" data-end=\"1204\">Czytelny, 3-liniowy wy\u015bwietlacz operatora<\/strong><br data-start=\"1204\" data-end=\"1207\" \/>\u2022 Intuicyjna obs\u0142uga i kompaktowa konstrukcja<\/p><hr data-start=\"1256\" data-end=\"1259\" \/><h3 data-section-id=\"uu2c8\" data-start=\"1261\" data-end=\"1289\">Komunikacja i integracje<\/h3><p data-start=\"1290\" data-end=\"1401\">\u2022 Wsp\u00f3\u0142praca z <strong data-start=\"1305\" data-end=\"1342\">Centralnym Repozytorium Kas (CRK)<\/strong><br data-start=\"1342\" data-end=\"1345\" \/>\u2022 Wsp\u00f3\u0142praca z <strong data-start=\"1360\" data-end=\"1385\">terminalem p\u0142atniczym<\/strong><br data-start=\"1385\" data-end=\"1388\" \/>\u2022 \u0141\u0105czno\u015b\u0107:<\/p><ul data-start=\"1404\" data-end=\"1518\"><li data-section-id=\"1r7kzsh\" data-start=\"1404\" data-end=\"1426\"><strong data-start=\"1406\" data-end=\"1424\">LAN (standard)<\/strong><\/li><li data-section-id=\"koejan\" data-start=\"1429\" data-end=\"1449\"><strong data-start=\"1431\" data-end=\"1447\">WiFi (opcja)<\/strong><\/li><li data-section-id=\"1o2wnjw\" data-start=\"1452\" data-end=\"1518\"><strong data-start=\"1454\" data-end=\"1470\">GPRS (opcja)<\/strong><br data-start=\"1470\" data-end=\"1473\" \/>\u2022 Dost\u0119p do internetu z <strong data-start=\"1497\" data-end=\"1518\">dowolnego miejsca<\/strong><\/li><\/ul><hr data-start=\"1520\" data-end=\"1523\" \/><h3 data-section-id=\"18f31se\" data-start=\"1525\" data-end=\"1543\">Internet i CRK<\/h3><p data-start=\"1544\" data-end=\"1701\">\u2022 Wersje GPRS zawieraj\u0105 <strong data-start=\"1568\" data-end=\"1602\">kart\u0119 SIM z pakietem na 3 lata<\/strong><br data-start=\"1602\" data-end=\"1605\" \/>\u2022 <strong data-start=\"1607\" data-end=\"1640\">Nielimitowany transfer danych<\/strong><br data-start=\"1640\" data-end=\"1643\" \/>\u2022 Automatyczna komunikacja z CRK zgodnie z harmonogramem<\/p><\/div><\/div><\/div><\/div><\/div>\n\t\t\t\t<\/div>\n\t\t\t\t\t\t\t\t<\/div>\n\t\t\t\t\t\t<\/div>\n\t\t\t\t\t<\/div>\n\t\t<\/div>\n\t\t\t\t\t<\/div>\n\t\t<\/section>\n\t\t<div class=\"elementor-element elementor-element-25811c88 e-flex e-con-boxed e-con e-parent\" data-id=\"25811c88\" data-element_type=\"container\" data-e-type=\"container\">\n\t\t\t\t\t<div class=\"e-con-inner\">\n\t\t\t\t<div class=\"elementor-element elementor-element-49bccf7c elementor-widget elementor-widget-html\" data-id=\"49bccf7c\" data-element_type=\"widget\" data-e-type=\"widget\" data-widget_type=\"html.default\">\n\t\t\t\t\t<h2>Specyfikacja techniczna<\/h2>\r\n\r\n<table>\r\n<tr><td>Baza towarowa<\/td><td>50 000 PLU<\/td><\/tr>\r\n<tr><td>D\u0142ugo\u015b\u0107 nazwy towaru<\/td><td>42 znaki<\/td><\/tr>\r\n<tr><td>Dodatkowy opis towaru<\/td><td>50<\/td><\/tr>\r\n<tr><td>D\u0142ugo\u015b\u0107 opisu towaru<\/td><td>40 znak\u00f3w<\/td><\/tr>\r\n<tr><td>Grupy towarowe<\/td><td>99<\/td><\/tr>\r\n<tr><td>D\u0142ugo\u015b\u0107 nazwy grupy<\/td><td>32 znaki<\/td><\/tr>\r\n<tr><td>Stawki VAT<\/td><td>7 (A\u2013G)<\/td><\/tr>\r\n<tr><td>Opakowania<\/td><td>200<\/td><\/tr>\r\n<tr><td>D\u0142ugo\u015b\u0107 nazwy opakowania<\/td><td>42 znaki<\/td><\/tr>\r\n<tr><td>Kasjerzy<\/td><td>30<\/td><\/tr>\r\n<tr><td>D\u0142ugo\u015b\u0107 nazwy kasjera<\/td><td>10 znak\u00f3w<\/td><\/tr>\r\n\r\n<tr><th colspan=\"2\">Formy p\u0142atno\u015bci<\/th><\/tr>\r\n<tr><td>Ilo\u015b\u0107<\/td><td>5 (KARTA, BON, PRZELEW, CZEK, KUPON)<\/td><\/tr>\r\n<tr><td>D\u0142ugo\u015b\u0107 nazwy<\/td><td>10 znak\u00f3w<\/td><\/tr>\r\n\r\n<tr><th colspan=\"2\">Waluty<\/th><\/tr>\r\n<tr><td>Dodatkowe waluty<\/td><td>2 (programowalne)<\/td><\/tr>\r\n\r\n<tr><th colspan=\"2\">Nag\u0142\u00f3wek<\/th><\/tr>\r\n<tr><td>Ilo\u015b\u0107 linii<\/td><td>Do 12<\/td><\/tr>\r\n<tr><td>Ilo\u015b\u0107 znak\u00f3w w linii<\/td><td>Do 42 znak\u00f3w<\/td><\/tr>\r\n\r\n<tr><th colspan=\"2\">Komunikacja<\/th><\/tr>\r\n<tr><td>Interfejsy<\/td><td>RS-232, USB, LAN, WiFi, GPRS, Bluetooth<\/td><\/tr>\r\n<tr><td>Urz\u0105dzenia wsp\u00f3\u0142pracuj\u0105ce<\/td><td>PC, waga, czytnik kod\u00f3w kreskowych, szuflada, terminal p\u0142atniczy<\/td><\/tr>\r\n\r\n<tr><th colspan=\"2\">Pami\u0119\u0107<\/th><\/tr>\r\n<tr><td>Pami\u0119\u0107 fiskalna<\/td><td>1830 raport\u00f3w<\/td><\/tr>\r\n\r\n<tr><th colspan=\"2\">Mechanizm drukuj\u0105cy<\/th><\/tr>\r\n<tr><td>Typ<\/td><td>Termiczny EPSON LTP01<\/td><\/tr>\r\n<tr><td>Pr\u0119dko\u015b\u0107 wydruku<\/td><td>14 linii\/s<\/td><\/tr>\r\n<tr><td>Papier<\/td><td>57 mm, 60\u201372 \u03bcm, max. 30 m<\/td><\/tr>\r\n\r\n<tr><th colspan=\"2\">Wy\u015bwietlacze<\/th><\/tr>\r\n<tr><td>Operatora<\/td><td>Pod\u015bwietlany LCD, 3 linie, do 22 znak\u00f3w w linii<\/td><\/tr>\r\n<tr><td>Klienta<\/td><td>Pod\u015bwietlany LCD, 2 linie, do 16 znak\u00f3w w linii<\/td><\/tr>\r\n\r\n<tr><th colspan=\"2\">Klawiatura<\/th><\/tr>\r\n<tr><td>Liczba klawiszy<\/td><td>33<\/td><\/tr>\r\n<tr><td>Klawisze definiowalne<\/td><td>6 PLU bezpo\u015brednich + 9 funkcyjnych<\/td><\/tr>\r\n\r\n<tr><th colspan=\"2\">Zasilanie<\/th><\/tr>\r\n<tr><td>Zasilacz<\/td><td>DC 9V \/ 3.5A<\/td><\/tr>\r\n<tr><td>Akumulator<\/td><td>Li-ion 7.4 V \/ 2000 mAh<\/td><\/tr>\r\n\r\n<tr><th colspan=\"2\">Warunki pracy<\/th><\/tr>\r\n<tr><td>Temperatura pracy<\/td><td>-5\u00b0C do +45\u00b0C<\/td><\/tr>\r\n\r\n<tr><th colspan=\"2\">Wymiary<\/th><\/tr>\r\n<tr><td>Wymiary (S \u00d7 D \u00d7 W)<\/td><td>160 \u00d7 233 \u00d7 65 mm<\/td><\/tr>\r\n<tr><td>Masa<\/td><td>0.676 kg (bez papieru)<\/td><\/tr>\r\n<\/table>\t\t\t\t<\/div>\n\t\t\t\t\t<\/div>\n\t\t\t\t<\/div>\n\t\t\t\t<section class=\"elementor-section elementor-top-section elementor-element elementor-element-54c5c9bb elementor-section-boxed elementor-section-height-default elementor-section-height-default\" data-id=\"54c5c9bb\" data-element_type=\"section\" data-e-type=\"section\" data-settings=\"{&quot;background_background&quot;:&quot;classic&quot;}\">\n\t\t\t\t\t\t<div class=\"elementor-container elementor-column-gap-default\">\n\t\t\t\t\t<div class=\"elementor-column elementor-col-100 elementor-top-column elementor-element elementor-element-2cb409bf\" data-id=\"2cb409bf\" data-element_type=\"column\" data-e-type=\"column\">\n\t\t\t<div class=\"elementor-widget-wrap\">\n\t\t\t\t\t\t\t<\/div>\n\t\t<\/div>\n\t\t\t\t\t<\/div>\n\t\t<\/section>\n\t\t\t\t<\/div>\n\t\t","protected":false},"excerpt":{"rendered":"<p>Nasza oferta KAS fiskalnych: DATECS WP-25 PLUS specyfikacja DATECS WP-25 PLUS \u2013 w skr\u00f3cie CENY i kluczowe mo\u017cliwo\u015bci urz\u0105dzenia Cena i wersje \u2022 Wersja podstawowa: 1 349 PLN\u2022 WP-25 LAN: 1 349 PLN\u2022 WP-25 WiFi: 1 439 PLN\u2022 WP-25 GPRS3: 1 499 PLN\u2022 WP-25 LAN + GPRS3: 1 549 PLN\u2022 WP-25 WiFi + GPRS3: 1 [&hellip;]<\/p>\n","protected":false},"author":1,"featured_media":0,"parent":0,"menu_order":0,"comment_status":"closed","ping_status":"closed","template":"","meta":{"footnotes":""},"class_list":["post-440","page","type-page","status-publish","hentry"],"_links":{"self":[{"href":"https:\/\/kasyfiskalnepoznan.com.pl\/index.php?rest_route=\/wp\/v2\/pages\/440","targetHints":{"allow":["GET"]}}],"collection":[{"href":"https:\/\/kasyfiskalnepoznan.com.pl\/index.php?rest_route=\/wp\/v2\/pages"}],"about":[{"href":"https:\/\/kasyfiskalnepoznan.com.pl\/index.php?rest_route=\/wp\/v2\/types\/page"}],"author":[{"embeddable":true,"href":"https:\/\/kasyfiskalnepoznan.com.pl\/index.php?rest_route=\/wp\/v2\/users\/1"}],"replies":[{"embeddable":true,"href":"https:\/\/kasyfiskalnepoznan.com.pl\/index.php?rest_route=%2Fwp%2Fv2%2Fcomments&post=440"}],"version-history":[{"count":4,"href":"https:\/\/kasyfiskalnepoznan.com.pl\/index.php?rest_route=\/wp\/v2\/pages\/440\/revisions"}],"predecessor-version":[{"id":445,"href":"https:\/\/kasyfiskalnepoznan.com.pl\/index.php?rest_route=\/wp\/v2\/pages\/440\/revisions\/445"}],"wp:attachment":[{"href":"https:\/\/kasyfiskalnepoznan.com.pl\/index.php?rest_route=%2Fwp%2Fv2%2Fmedia&parent=440"}],"curies":[{"name":"wp","href":"https:\/\/api.w.org\/{rel}","templated":true}]}}