{"id":434,"date":"2026-03-21T02:36:41","date_gmt":"2026-03-21T01:36:41","guid":{"rendered":"https:\/\/kasyfiskalnepoznan.com.pl\/?page_id=434"},"modified":"2026-03-21T03:01:28","modified_gmt":"2026-03-21T02:01:28","slug":"datecs-wp-50-plu","status":"publish","type":"page","link":"https:\/\/kasyfiskalnepoznan.com.pl\/?page_id=434","title":{"rendered":"DATECS WP-50 PLU"},"content":{"rendered":"\t\t<div data-elementor-type=\"wp-page\" data-elementor-id=\"434\" class=\"elementor elementor-434\" data-elementor-post-type=\"page\">\n\t\t\t\t\t\t<section class=\"elementor-section elementor-top-section elementor-element elementor-element-2072c9e7 elementor-section-boxed elementor-section-height-default elementor-section-height-default\" data-id=\"2072c9e7\" data-element_type=\"section\" data-e-type=\"section\">\n\t\t\t\t\t\t<div class=\"elementor-container elementor-column-gap-default\">\n\t\t\t\t\t<div class=\"elementor-column elementor-col-100 elementor-top-column elementor-element elementor-element-3d7a7a8d\" data-id=\"3d7a7a8d\" data-element_type=\"column\" data-e-type=\"column\">\n\t\t\t<div class=\"elementor-widget-wrap elementor-element-populated\">\n\t\t\t\t\t\t<section class=\"elementor-section elementor-inner-section elementor-element elementor-element-11eeb997 elementor-section-boxed elementor-section-height-default elementor-section-height-default\" data-id=\"11eeb997\" data-element_type=\"section\" data-e-type=\"section\">\n\t\t\t\t\t\t<div class=\"elementor-container elementor-column-gap-default\">\n\t\t\t\t\t<div class=\"elementor-column elementor-col-100 elementor-inner-column elementor-element elementor-element-3206d5f9\" data-id=\"3206d5f9\" data-element_type=\"column\" data-e-type=\"column\">\n\t\t\t<div class=\"elementor-widget-wrap elementor-element-populated\">\n\t\t\t\t\t\t<div class=\"elementor-element elementor-element-1aa805d elementor-widget elementor-widget-heading\" data-id=\"1aa805d\" data-element_type=\"widget\" data-e-type=\"widget\" data-widget_type=\"heading.default\">\n\t\t\t\t\t<h6 class=\"elementor-heading-title elementor-size-default\">Nasza oferta KAS fiskalnych:\n<\/h6>\t\t\t\t<\/div>\n\t\t\t\t<div class=\"elementor-element elementor-element-6ffdb32b elementor-widget elementor-widget-heading\" data-id=\"6ffdb32b\" data-element_type=\"widget\" data-e-type=\"widget\" data-widget_type=\"heading.default\">\n\t\t\t\t\t<h2 class=\"elementor-heading-title elementor-size-default\">DATECS WP-50 PLUS<\/h2>\t\t\t\t<\/div>\n\t\t\t\t\t<\/div>\n\t\t<\/div>\n\t\t\t\t\t<\/div>\n\t\t<\/section>\n\t\t\t\t\t<\/div>\n\t\t<\/div>\n\t\t\t\t\t<\/div>\n\t\t<\/section>\n\t\t<div class=\"elementor-element elementor-element-6b1fbb62 e-flex e-con-boxed e-con e-parent\" data-id=\"6b1fbb62\" data-element_type=\"container\" data-e-type=\"container\">\n\t\t\t\t\t<div class=\"e-con-inner\">\n\t\t\t\t<div class=\"elementor-element elementor-element-2fef7508 elementor-widget elementor-widget-image\" data-id=\"2fef7508\" data-element_type=\"widget\" data-e-type=\"widget\" data-widget_type=\"image.default\">\n\t\t\t\t\t\t\t\t\t\t\t\t\t\t\t<img fetchpriority=\"high\" decoding=\"async\" width=\"800\" height=\"800\" src=\"https:\/\/kasyfiskalnepoznan.com.pl\/wp-content\/uploads\/2026\/03\/1_7.png\" class=\"attachment-large size-large wp-image-436\" alt=\"\" srcset=\"https:\/\/kasyfiskalnepoznan.com.pl\/wp-content\/uploads\/2026\/03\/1_7.png 900w, https:\/\/kasyfiskalnepoznan.com.pl\/wp-content\/uploads\/2026\/03\/1_7-300x300.png 300w, https:\/\/kasyfiskalnepoznan.com.pl\/wp-content\/uploads\/2026\/03\/1_7-150x150.png 150w, https:\/\/kasyfiskalnepoznan.com.pl\/wp-content\/uploads\/2026\/03\/1_7-768x768.png 768w\" sizes=\"(max-width: 800px) 100vw, 800px\" \/>\t\t\t\t\t\t\t\t\t\t\t\t\t\t\t<\/div>\n\t\t\t\t\t<\/div>\n\t\t\t\t<\/div>\n\t\t\t\t<section class=\"elementor-section elementor-top-section elementor-element elementor-element-4b494939 elementor-section-content-middle elementor-section-boxed elementor-section-height-default elementor-section-height-default\" data-id=\"4b494939\" data-element_type=\"section\" data-e-type=\"section\" data-settings=\"{&quot;background_background&quot;:&quot;classic&quot;}\">\n\t\t\t\t\t\t<div class=\"elementor-container elementor-column-gap-wider\">\n\t\t\t\t\t<div class=\"elementor-column elementor-col-100 elementor-top-column elementor-element elementor-element-365829fe animated-slow\" data-id=\"365829fe\" data-element_type=\"column\" data-e-type=\"column\" data-settings=\"{&quot;animation&quot;:&quot;none&quot;}\">\n\t\t\t<div class=\"elementor-widget-wrap elementor-element-populated\">\n\t\t\t\t\t\t<div class=\"elementor-element elementor-element-5fffbf3 elementor-widget elementor-widget-heading\" data-id=\"5fffbf3\" data-element_type=\"widget\" data-e-type=\"widget\" data-widget_type=\"heading.default\">\n\t\t\t\t\t<h6 class=\"elementor-heading-title elementor-size-default\">specyfikacja<\/h6>\t\t\t\t<\/div>\n\t\t\t\t<div class=\"elementor-element elementor-element-2e8210cb elementor-widget elementor-widget-heading\" data-id=\"2e8210cb\" data-element_type=\"widget\" data-e-type=\"widget\" data-widget_type=\"heading.default\">\n\t\t\t\t\t<h2 class=\"elementor-heading-title elementor-size-default\">DATECS WP-50 PLUS \u2013 w skr\u00f3cie<\/h2>\t\t\t\t<\/div>\n\t\t\t\t<div class=\"elementor-element elementor-element-57b91967 elementor-widget elementor-widget-toggle\" data-id=\"57b91967\" data-element_type=\"widget\" data-e-type=\"widget\" data-widget_type=\"toggle.default\">\n\t\t\t\t\t\t\t<div class=\"elementor-toggle\">\n\t\t\t\t\t\t\t<div class=\"elementor-toggle-item\">\n\t\t\t\t\t<div id=\"elementor-tab-title-1471\" class=\"elementor-tab-title\" data-tab=\"1\" role=\"button\" aria-controls=\"elementor-tab-content-1471\" aria-expanded=\"false\">\n\t\t\t\t\t\t\t\t\t\t\t\t<span class=\"elementor-toggle-icon elementor-toggle-icon-right\" aria-hidden=\"true\">\n\t\t\t\t\t\t\t\t\t\t\t\t\t\t\t<span class=\"elementor-toggle-icon-closed\"><svg class=\"e-font-icon-svg e-fas-angle-right\" viewBox=\"0 0 256 512\" xmlns=\"http:\/\/www.w3.org\/2000\/svg\"><path d=\"M224.3 273l-136 136c-9.4 9.4-24.6 9.4-33.9 0l-22.6-22.6c-9.4-9.4-9.4-24.6 0-33.9l96.4-96.4-96.4-96.4c-9.4-9.4-9.4-24.6 0-33.9L54.3 103c9.4-9.4 24.6-9.4 33.9 0l136 136c9.5 9.4 9.5 24.6.1 34z\"><\/path><\/svg><\/span>\n\t\t\t\t\t\t\t\t<span class=\"elementor-toggle-icon-opened\"><svg class=\"elementor-toggle-icon-opened e-font-icon-svg e-fas-angle-down\" viewBox=\"0 0 320 512\" xmlns=\"http:\/\/www.w3.org\/2000\/svg\"><path d=\"M143 352.3L7 216.3c-9.4-9.4-9.4-24.6 0-33.9l22.6-22.6c9.4-9.4 24.6-9.4 33.9 0l96.4 96.4 96.4-96.4c9.4-9.4 24.6-9.4 33.9 0l22.6 22.6c9.4 9.4 9.4 24.6 0 33.9l-136 136c-9.2 9.4-24.4 9.4-33.8 0z\"><\/path><\/svg><\/span>\n\t\t\t\t\t\t\t\t\t\t\t\t\t<\/span>\n\t\t\t\t\t\t\t\t\t\t\t\t<a class=\"elementor-toggle-title\" tabindex=\"0\">CENY i kluczowe mo\u017cliwo\u015bci urz\u0105dzenia<\/a>\n\t\t\t\t\t<\/div>\n\n\t\t\t\t\t<div id=\"elementor-tab-content-1471\" class=\"elementor-tab-content elementor-clearfix\" data-tab=\"1\" role=\"region\" aria-labelledby=\"elementor-tab-title-1471\"><div class=\"document-page\" data-page=\"3\"><div class=\"pdf-page\"><div class=\"text-wrapper user-select-text\"><div data-canvas-width=\"302.00133333333326\"><h3 data-section-id=\"qjksd6\" data-start=\"133\" data-end=\"150\">Cena i wersje<\/h3><p data-start=\"151\" data-end=\"333\">\u2022 Wersja podstawowa: <strong data-start=\"172\" data-end=\"185\">1 399 PLN<\/strong><br data-start=\"185\" data-end=\"188\" \/>\u2022 WP-50 PLUS GPRS: <strong data-start=\"207\" data-end=\"220\">1 399 PLN<\/strong><br data-start=\"220\" data-end=\"223\" \/>\u2022 WP-50 PLUS WiFi: <strong data-start=\"242\" data-end=\"255\">1 449 PLN<\/strong><br data-start=\"255\" data-end=\"258\" \/>\u2022 WP-50 PLUS GPRS 3: <strong data-start=\"279\" data-end=\"292\">1 519 PLN<\/strong><br data-start=\"292\" data-end=\"295\" \/>\u2022 WP-50 WiFi + GPRS 3: <strong data-start=\"318\" data-end=\"331\">1 639 PLN<\/strong><\/p><hr data-start=\"335\" data-end=\"338\" \/><h3 data-section-id=\"1jf2j7w\" data-start=\"340\" data-end=\"368\">Mobilno\u015b\u0107 i zastosowanie<\/h3><p data-start=\"369\" data-end=\"425\">\u2022 <strong data-start=\"371\" data-end=\"406\">Kasa mobilna dla handlu i us\u0142ug<\/strong><br data-start=\"406\" data-end=\"409\" \/>\u2022 Idealna dla:<\/p><ul data-start=\"428\" data-end=\"554\"><li data-section-id=\"cws0hy\" data-start=\"428\" data-end=\"441\">fryzjer\u00f3w<\/li><li data-section-id=\"1609tot\" data-start=\"444\" data-end=\"459\">kosmetyczek<\/li><li data-section-id=\"1vp495m\" data-start=\"462\" data-end=\"473\">lekarzy<\/li><li data-section-id=\"1ul9v1w\" data-start=\"476\" data-end=\"489\">prawnik\u00f3w<\/li><li data-section-id=\"1b29yql\" data-start=\"492\" data-end=\"554\">mechanik\u00f3w<br data-start=\"504\" data-end=\"507\" \/>\u2022 Mo\u017cliwo\u015b\u0107 pracy <strong data-start=\"525\" data-end=\"552\">mobilnej i stacjonarnej<\/strong><\/li><\/ul><hr data-start=\"556\" data-end=\"559\" \/><h3 data-section-id=\"35lym2\" data-start=\"561\" data-end=\"596\">Baza danych i funkcje sprzeda\u017cy<\/h3><p data-start=\"597\" data-end=\"727\">\u2022 <strong data-start=\"599\" data-end=\"623\">40 000 towar\u00f3w (PLU)<\/strong> w bazie<br data-start=\"631\" data-end=\"634\" \/>\u2022 Obs\u0142uga <strong data-start=\"644\" data-end=\"693\">us\u0142ug czasowych (np. parkingi, wypo\u017cyczalnie)<\/strong><br data-start=\"693\" data-end=\"696\" \/>\u2022 Mo\u017cliwo\u015b\u0107 wykorzystania do:<\/p><ul data-start=\"730\" data-end=\"840\"><li data-section-id=\"10353b9\" data-start=\"730\" data-end=\"763\">gastronomii (wydruk zam\u00f3wie\u0144)<\/li><li data-section-id=\"1aj0gov\" data-start=\"766\" data-end=\"840\">bilet\u00f3w (festyny, koncerty, atrakcje)<br data-start=\"805\" data-end=\"808\" \/>\u2022 Obs\u0142uga <strong data-start=\"818\" data-end=\"840\">towar\u00f3w akcyzowych<\/strong><\/li><\/ul><hr data-start=\"842\" data-end=\"845\" \/><h3 data-section-id=\"1ge4ry4\" data-start=\"847\" data-end=\"870\">Wydajno\u015b\u0107 i obs\u0142uga<\/h3><p data-start=\"871\" data-end=\"1089\">\u2022 <strong data-start=\"873\" data-end=\"919\">Wydajny akumulator Li-Poly 7.4V \/ 2000 mAh<\/strong><br data-start=\"919\" data-end=\"922\" \/>\u2022 Praca w temperaturach od <strong data-start=\"949\" data-end=\"958\">-10\u00b0C<\/strong><br data-start=\"958\" data-end=\"961\" \/>\u2022 System wymiany papieru <strong data-start=\"986\" data-end=\"1006\">\u201eWRZU\u0106 I PRACUJ\u201d<\/strong><br data-start=\"1006\" data-end=\"1009\" \/>\u2022 <strong data-start=\"1011\" data-end=\"1042\">Logo graficzne na paragonie<\/strong><br data-start=\"1042\" data-end=\"1045\" \/>\u2022 <strong data-start=\"1047\" data-end=\"1067\">Gumowana obudowa<\/strong> dla lepszego chwytu<\/p><hr data-start=\"1091\" data-end=\"1094\" \/><h3 data-section-id=\"uu2c8\" data-start=\"1096\" data-end=\"1124\">Komunikacja i integracje<\/h3><p data-start=\"1125\" data-end=\"1236\">\u2022 Wsp\u00f3\u0142praca z <strong data-start=\"1140\" data-end=\"1177\">Centralnym Repozytorium Kas (CRK)<\/strong><br data-start=\"1177\" data-end=\"1180\" \/>\u2022 Wsp\u00f3\u0142praca z <strong data-start=\"1195\" data-end=\"1220\">terminalem p\u0142atniczym<\/strong><br data-start=\"1220\" data-end=\"1223\" \/>\u2022 \u0141\u0105czno\u015b\u0107:<\/p><ul data-start=\"1239\" data-end=\"1327\"><li data-section-id=\"1y8bq3d\" data-start=\"1239\" data-end=\"1251\"><strong data-start=\"1241\" data-end=\"1249\">WiFi<\/strong><\/li><li data-section-id=\"1jts7vz\" data-start=\"1254\" data-end=\"1327\"><strong data-start=\"1256\" data-end=\"1281\">GPRS (SIM w zestawie)<\/strong><br data-start=\"1281\" data-end=\"1284\" \/>\u2022 Mo\u017cliwo\u015b\u0107 pracy <strong data-start=\"1302\" data-end=\"1325\">z dowolnego miejsca<\/strong><\/li><\/ul><hr data-start=\"1329\" data-end=\"1332\" \/><h3 data-section-id=\"18f31se\" data-start=\"1334\" data-end=\"1352\">Internet i CRK<\/h3><p data-start=\"1353\" data-end=\"1515\">\u2022 Wersje GPRS posiadaj\u0105 <strong data-start=\"1377\" data-end=\"1411\">kart\u0119 SIM z pakietem na 3 lata<\/strong><br data-start=\"1411\" data-end=\"1414\" \/>\u2022 <strong data-start=\"1416\" data-end=\"1449\">Nielimitowany transfer danych<\/strong><br data-start=\"1449\" data-end=\"1452\" \/>\u2022 Automatyczne przesy\u0142anie danych zgodnie z harmonogramem CRK<\/p><\/div><\/div><\/div><\/div><\/div>\n\t\t\t\t<\/div>\n\t\t\t\t\t\t\t\t<\/div>\n\t\t\t\t\t\t<\/div>\n\t\t\t\t\t<\/div>\n\t\t<\/div>\n\t\t\t\t\t<\/div>\n\t\t<\/section>\n\t\t<div class=\"elementor-element elementor-element-5730921a e-flex e-con-boxed e-con e-parent\" data-id=\"5730921a\" data-element_type=\"container\" data-e-type=\"container\">\n\t\t\t\t\t<div class=\"e-con-inner\">\n\t\t\t\t<div class=\"elementor-element elementor-element-29711797 elementor-widget elementor-widget-html\" data-id=\"29711797\" data-element_type=\"widget\" data-e-type=\"widget\" data-widget_type=\"html.default\">\n\t\t\t\t\t<h2>Specyfikacja techniczna<\/h2>\r\n\r\n<table>\r\n<tr><td>Grupy towarowe<\/td><td>99<\/td><\/tr>\r\n<tr><td>D\u0142ugo\u015b\u0107 nazwy grupy<\/td><td>32 znaki<\/td><\/tr>\r\n<tr><td>Stawki VAT<\/td><td>7 (A\u2013G)<\/td><\/tr>\r\n<tr><td>Opakowania<\/td><td>200<\/td><\/tr>\r\n<tr><td>D\u0142ugo\u015b\u0107 nazwy opakowania<\/td><td>42 znaki<\/td><\/tr>\r\n<tr><td>Kasjerzy<\/td><td>30<\/td><\/tr>\r\n<tr><td>D\u0142ugo\u015b\u0107 nazwy kasjera<\/td><td>10 znak\u00f3w<\/td><\/tr>\r\n\r\n<tr><th colspan=\"2\">Formy p\u0142atno\u015bci<\/th><\/tr>\r\n<tr><td>Ilo\u015b\u0107<\/td><td>5 (KARTA, BON, PRZELEW, CZEK, KUPON)<\/td><\/tr>\r\n<tr><td>D\u0142ugo\u015b\u0107 nazwy<\/td><td>10 znak\u00f3w<\/td><\/tr>\r\n\r\n<tr><th colspan=\"2\">Waluty<\/th><\/tr>\r\n<tr><td>Dodatkowe waluty<\/td><td>2 (programowalne)<\/td><\/tr>\r\n\r\n<tr><th colspan=\"2\">Nag\u0142\u00f3wek<\/th><\/tr>\r\n<tr><td>Ilo\u015b\u0107 linii<\/td><td>Do 12<\/td><\/tr>\r\n<tr><td>Ilo\u015b\u0107 znak\u00f3w w linii<\/td><td>Do 42 znak\u00f3w<\/td><\/tr>\r\n\r\n<tr><th colspan=\"2\">Komunikacja<\/th><\/tr>\r\n<tr><td>Interfejsy<\/td><td>RS-232, USB, WiFi, GPRS, Bluetooth<\/td><\/tr>\r\n<tr><td>Urz\u0105dzenia wsp\u00f3\u0142pracuj\u0105ce<\/td><td>PC, waga, czytnik kod\u00f3w kreskowych, szuflada, terminal p\u0142atniczy<\/td><\/tr>\r\n\r\n<tr><th colspan=\"2\">Pami\u0119\u0107<\/th><\/tr>\r\n<tr><td>Pami\u0119\u0107 fiskalna<\/td><td>1830 raport\u00f3w<\/td><\/tr>\r\n\r\n<tr><th colspan=\"2\">Mechanizm drukuj\u0105cy<\/th><\/tr>\r\n<tr><td>Typ<\/td><td>Termiczny EPSON LTP01<\/td><\/tr>\r\n<tr><td>Pr\u0119dko\u015b\u0107 wydruku<\/td><td>14 linii\/s<\/td><\/tr>\r\n<tr><td>Papier<\/td><td>57 mm, 60\u201372 \u03bcm, max. 35 m<\/td><\/tr>\r\n\r\n<tr><th colspan=\"2\">Wy\u015bwietlacze<\/th><\/tr>\r\n<tr><td>Operatora<\/td><td>Pod\u015bwietlany LCD, 2 linie, do 16 znak\u00f3w w linii<\/td><\/tr>\r\n<tr><td>Klienta<\/td><td>Pod\u015bwietlany LCD, 2 linie, do 16 znak\u00f3w w linii<\/td><\/tr>\r\n\r\n<tr><th colspan=\"2\">Klawiatura<\/th><\/tr>\r\n<tr><td>Liczba klawiszy<\/td><td>29<\/td><\/tr>\r\n<tr><td>Klawisze definiowalne<\/td><td>3 PLU bezpo\u015brednie + 9 funkcyjnych<\/td><\/tr>\r\n\r\n<tr><th colspan=\"2\">Zasilanie<\/th><\/tr>\r\n<tr><td>Zasilacz<\/td><td>DC 9V \/ 3.5A<\/td><\/tr>\r\n<tr><td>Akumulator<\/td><td>Li-Polymer 7.4V \/ 2000 mAh<\/td><\/tr>\r\n\r\n<tr><th colspan=\"2\">Warunki pracy<\/th><\/tr>\r\n<tr><td>Temperatura pracy<\/td><td>-10\u00b0C do +45\u00b0C<\/td><\/tr>\r\n\r\n<tr><th colspan=\"2\">Wymiary<\/th><\/tr>\r\n<tr><td>Wymiary (S \u00d7 D \u00d7 W)<\/td><td>88 \u00d7 200 \u00d7 74 mm<\/td><\/tr>\r\n<tr><td>Masa<\/td><td>0.604 kg (bez papieru)<\/td><\/tr>\r\n<\/table>\t\t\t\t<\/div>\n\t\t\t\t\t<\/div>\n\t\t\t\t<\/div>\n\t\t\t\t<section class=\"elementor-section elementor-top-section elementor-element elementor-element-786058a9 elementor-section-boxed elementor-section-height-default elementor-section-height-default\" data-id=\"786058a9\" data-element_type=\"section\" data-e-type=\"section\" data-settings=\"{&quot;background_background&quot;:&quot;classic&quot;}\">\n\t\t\t\t\t\t<div class=\"elementor-container elementor-column-gap-default\">\n\t\t\t\t\t<div class=\"elementor-column elementor-col-100 elementor-top-column elementor-element elementor-element-77d91c7a\" data-id=\"77d91c7a\" data-element_type=\"column\" data-e-type=\"column\">\n\t\t\t<div class=\"elementor-widget-wrap\">\n\t\t\t\t\t\t\t<\/div>\n\t\t<\/div>\n\t\t\t\t\t<\/div>\n\t\t<\/section>\n\t\t\t\t<\/div>\n\t\t","protected":false},"excerpt":{"rendered":"<p>Nasza oferta KAS fiskalnych: DATECS WP-50 PLUS specyfikacja DATECS WP-50 PLUS \u2013 w skr\u00f3cie CENY i kluczowe mo\u017cliwo\u015bci urz\u0105dzenia Cena i wersje \u2022 Wersja podstawowa: 1 399 PLN\u2022 WP-50 PLUS GPRS: 1 399 PLN\u2022 WP-50 PLUS WiFi: 1 449 PLN\u2022 WP-50 PLUS GPRS 3: 1 519 PLN\u2022 WP-50 WiFi + GPRS 3: 1 639 PLN [&hellip;]<\/p>\n","protected":false},"author":1,"featured_media":0,"parent":0,"menu_order":0,"comment_status":"closed","ping_status":"closed","template":"","meta":{"footnotes":""},"class_list":["post-434","page","type-page","status-publish","hentry"],"_links":{"self":[{"href":"https:\/\/kasyfiskalnepoznan.com.pl\/index.php?rest_route=\/wp\/v2\/pages\/434","targetHints":{"allow":["GET"]}}],"collection":[{"href":"https:\/\/kasyfiskalnepoznan.com.pl\/index.php?rest_route=\/wp\/v2\/pages"}],"about":[{"href":"https:\/\/kasyfiskalnepoznan.com.pl\/index.php?rest_route=\/wp\/v2\/types\/page"}],"author":[{"embeddable":true,"href":"https:\/\/kasyfiskalnepoznan.com.pl\/index.php?rest_route=\/wp\/v2\/users\/1"}],"replies":[{"embeddable":true,"href":"https:\/\/kasyfiskalnepoznan.com.pl\/index.php?rest_route=%2Fwp%2Fv2%2Fcomments&post=434"}],"version-history":[{"count":5,"href":"https:\/\/kasyfiskalnepoznan.com.pl\/index.php?rest_route=\/wp\/v2\/pages\/434\/revisions"}],"predecessor-version":[{"id":467,"href":"https:\/\/kasyfiskalnepoznan.com.pl\/index.php?rest_route=\/wp\/v2\/pages\/434\/revisions\/467"}],"wp:attachment":[{"href":"https:\/\/kasyfiskalnepoznan.com.pl\/index.php?rest_route=%2Fwp%2Fv2%2Fmedia&parent=434"}],"curies":[{"name":"wp","href":"https:\/\/api.w.org\/{rel}","templated":true}]}}